{"id":2597,"date":"2011-06-07T02:08:47","date_gmt":"2011-06-07T09:08:47","guid":{"rendered":"http:\/\/www.masfuertequeelhierro.com\/blog\/?page_id=2597"},"modified":"2020-02-27T08:29:36","modified_gmt":"2020-02-27T15:29:36","slug":"acerca","status":"publish","type":"page","link":"https:\/\/masfuertequeelhierro.com\/blog\/acerca\/","title":{"rendered":"Acerca"},"content":{"rendered":"<h2>El webmaster<\/h2>\n<p>Mi nombre es Manuel Bento Falc\u00f3n, alias \u00abMaokoto\u00bb. Nac\u00ed en Pamplona all\u00e1 por 1975 aunque resido en la provincia de Huelva hace muchos a\u00f1os. Ya en mi juventud (15-16 a\u00f1os) hice mis primeros pinitos con la gimnasia (sobre todo a las flexiones) y las pesas , pero no fue hasta el 2005 despu\u00e9s de a\u00f1os parado y alg\u00fan que otro intento intermitente que me dediqu\u00e9 de forma constante al entrenamiento. Entreno 3 d\u00edas a la semana y siempre en casa (con barras, mancuernas, anillas o mi peso corporal) puedo dar fe de que se consiguen resultados, lo importante es la constancia.<\/p>\n<p>El blog <strong>M\u00e1s Fuerte que el Hierro<\/strong> surgi\u00f3 con la intenci\u00f3n inicial de explicar conceptos b\u00e1sicos del mundo de los hierros y con un enfoque muy culturista en el a\u00f1o 2006, pero pronto deriv\u00f3 hasta incluir otros tipos de entrenamiento m\u00e1s enfocados hacia la fuerza o un equilibrio fuerza-forma. El foro surgi\u00f3 m\u00e1s tarde, all\u00e1 por el 2009. Tanto en uno como en otro se intenta seguir una pol\u00edtica de respeto al principiante, tan machacado en el com\u00fan de los foros de Internet.<\/p>\n<p>Cristiano de coraz\u00f3n (sin la ayuda de Dios este sitio jam\u00e1s hubiese sido posible), dibujante y pianista muy b\u00e1sico son algunas otras cosas que me definen.<\/p>\n<p>No es dif\u00edcil contactarme por el <a href=\"https:\/\/masfuertequeelhierro.com\/foro\/\">foro<\/a>, o por los comentarios del blog. \u00a0Pero de todas formas puedes escribirme a <strong>maonolo@gmail.com<\/strong> eso s\u00ed, las consultas sobre entrenamiento por favor al foro.<\/p>\n<p><span style=\"color: inherit; font-size: 1.56em; font-weight: 600;\">Un saludo<\/span><\/p>\n","protected":false},"excerpt":{"rendered":"<p>El webmaster Mi nombre es Manuel Bento Falc\u00f3n, alias \u00abMaokoto\u00bb. Nac\u00ed en Pamplona all\u00e1 por 1975 aunque resido en la provincia de Huelva hace muchos a\u00f1os. Ya en mi juventud (15-16 a\u00f1os) hice mis primeros pinitos con la gimnasia (sobre todo a las flexiones) y las pesas , pero no fue hasta el 2005 despu\u00e9s [&hellip;]<\/p>\n","protected":false},"author":1,"featured_media":0,"parent":0,"menu_order":10,"comment_status":"open","ping_status":"open","template":"","meta":{"footnotes":""},"class_list":["post-2597","page","type-page","status-publish","hentry"],"jetpack_sharing_enabled":true,"_links":{"self":[{"href":"https:\/\/masfuertequeelhierro.com\/blog\/wp-json\/wp\/v2\/pages\/2597","targetHints":{"allow":["GET"]}}],"collection":[{"href":"https:\/\/masfuertequeelhierro.com\/blog\/wp-json\/wp\/v2\/pages"}],"about":[{"href":"https:\/\/masfuertequeelhierro.com\/blog\/wp-json\/wp\/v2\/types\/page"}],"author":[{"embeddable":true,"href":"https:\/\/masfuertequeelhierro.com\/blog\/wp-json\/wp\/v2\/users\/1"}],"replies":[{"embeddable":true,"href":"https:\/\/masfuertequeelhierro.com\/blog\/wp-json\/wp\/v2\/comments?post=2597"}],"version-history":[{"count":9,"href":"https:\/\/masfuertequeelhierro.com\/blog\/wp-json\/wp\/v2\/pages\/2597\/revisions"}],"predecessor-version":[{"id":13376,"href":"https:\/\/masfuertequeelhierro.com\/blog\/wp-json\/wp\/v2\/pages\/2597\/revisions\/13376"}],"wp:attachment":[{"href":"https:\/\/masfuertequeelhierro.com\/blog\/wp-json\/wp\/v2\/media?parent=2597"}],"curies":[{"name":"wp","href":"https:\/\/api.w.org\/{rel}","templated":true}]}}