{"id":111,"date":"2009-09-23T07:42:40","date_gmt":"2009-09-23T14:42:40","guid":{"rendered":"http:\/\/masfuertequeelhierro.com\/blog\/?page_id=111"},"modified":"2016-02-13T17:03:21","modified_gmt":"2016-02-14T00:03:21","slug":"calculadoras","status":"publish","type":"page","link":"https:\/\/masfuertequeelhierro.com\/blog\/calculadoras\/","title":{"rendered":"Calculadoras"},"content":{"rendered":"<p>Calcula tu m\u00e1ximo a una repetici\u00f3n (RM) o en varios rangos de repeticiones,  averigua el peso que tendr\u00edas que usar en otros ejercicios tomando otro el press de banca referencia, o cuantas calor\u00edas quemas con las distintas actividades. Estas calculadoras relacionadas con el entreno de musculaci\u00f3n te servir\u00e1n para hacer test de fuerza m\u00e1xima o simplemente como curiosidad.<\/p>\n<p><a href=\"https:\/\/masfuertequeelhierro.com\/blog\/2016\/02\/calculadora-del-entrenamiento-fuerza-masa-efm\/\">Calculadora para el ENTRENAMIENTO FUERZA MASA<\/a><\/p>\n<p><a href=\"https:\/\/masfuertequeelhierro.com\/blog\/?p=40\">C\u00e1lculo del RM (Repetici\u00f3n m\u00e1xima)<\/a><\/p>\n<p><a href=\"https:\/\/masfuertequeelhierro.com\/blog\/?p=39\">Estimaci\u00f3n del peso a trav\u00e9s del Press de Banca<\/a><\/p>\n<p><a href=\"http:\/\/www.dietas.net\/tablas-y-calculadoras\/calculo-del-gasto-calorico\/\">Gasto de calor\u00edas seg\u00fan la actividad<\/a><\/p>\n<p><a href=\"https:\/\/masfuertequeelhierro.com\/blog\/?p=84\">C\u00e1lculo de calor\u00edas consumidas y metabolismo basal<\/a><\/p>\n<p><a href=\"https:\/\/masfuertequeelhierro.com\/blog\/2009\/10\/calculadora-para-metodo-531\/\">Calculadora para el m\u00e9todo 5\/3\/1<\/a><\/p>\n<p><a href=\"https:\/\/masfuertequeelhierro.com\/blog\/2009\/11\/calculadora-para-el-5x5-version-madcow\/\">Calculadora para el m\u00e9todo 5&#215;5<\/a><\/p>\n<p><a href=\"https:\/\/masfuertequeelhierro.com\/blog\/2010\/01\/%C2%BFdebo-bajar-de-peso-o-ganar-volumen\/\">\u00bfDebo bajar de peso o ganar volumen?<\/a><\/p>\n<p><a href=\"https:\/\/masfuertequeelhierro.com\/blog\/2010\/01\/%C2%BFcuanto-peso-puedo-aspirar-a-levantar\/\">\u00bfCu\u00e1nto peso puedo aspirar a levantar?<\/a><\/p>\n<p><a href=\"https:\/\/masfuertequeelhierro.com\/blog\/2010\/07\/calculadora-ciclo-smolov\/\">Calculadora ciclo Smolov<\/a><\/p>\n<p><a href=\"https:\/\/masfuertequeelhierro.com\/blog\/2014\/02\/el-hst-mfqh-consejos-y-calculadora\/\">Calculadora para el sistema HST MFQH (Al final del art\u00edculo)<\/a><\/p>\n<p><a href=\"http:\/\/www.hypertrophy-specific.com\/hst_calc.html\">Calculadora para sistema HST (enlace externo)<\/a><\/p>\n","protected":false},"excerpt":{"rendered":"<p>Calcula tu m\u00e1ximo a una repetici\u00f3n (RM) o en varios rangos de repeticiones, averigua el peso que tendr\u00edas que usar en otros ejercicios tomando otro el press de banca referencia, o cuantas calor\u00edas quemas con las distintas actividades. Estas calculadoras relacionadas con el entreno de musculaci\u00f3n te servir\u00e1n para hacer test de fuerza m\u00e1xima o [&hellip;]<\/p>\n","protected":false},"author":1,"featured_media":0,"parent":0,"menu_order":5,"comment_status":"open","ping_status":"open","template":"","meta":{"footnotes":""},"class_list":["post-111","page","type-page","status-publish","hentry"],"jetpack_sharing_enabled":true,"_links":{"self":[{"href":"https:\/\/masfuertequeelhierro.com\/blog\/wp-json\/wp\/v2\/pages\/111","targetHints":{"allow":["GET"]}}],"collection":[{"href":"https:\/\/masfuertequeelhierro.com\/blog\/wp-json\/wp\/v2\/pages"}],"about":[{"href":"https:\/\/masfuertequeelhierro.com\/blog\/wp-json\/wp\/v2\/types\/page"}],"author":[{"embeddable":true,"href":"https:\/\/masfuertequeelhierro.com\/blog\/wp-json\/wp\/v2\/users\/1"}],"replies":[{"embeddable":true,"href":"https:\/\/masfuertequeelhierro.com\/blog\/wp-json\/wp\/v2\/comments?post=111"}],"version-history":[{"count":20,"href":"https:\/\/masfuertequeelhierro.com\/blog\/wp-json\/wp\/v2\/pages\/111\/revisions"}],"predecessor-version":[{"id":8616,"href":"https:\/\/masfuertequeelhierro.com\/blog\/wp-json\/wp\/v2\/pages\/111\/revisions\/8616"}],"wp:attachment":[{"href":"https:\/\/masfuertequeelhierro.com\/blog\/wp-json\/wp\/v2\/media?parent=111"}],"curies":[{"name":"wp","href":"https:\/\/api.w.org\/{rel}","templated":true}]}}