{"id":102,"date":"2009-09-23T07:33:54","date_gmt":"2009-09-23T14:33:54","guid":{"rendered":"http:\/\/masfuertequeelhierro.com\/blog\/?page_id=102"},"modified":"2019-06-01T04:53:48","modified_gmt":"2019-06-01T11:53:48","slug":"articulos","status":"publish","type":"page","link":"https:\/\/masfuertequeelhierro.com\/blog\/articulos\/","title":{"rendered":"Art\u00edculos"},"content":{"rendered":"<p><a href=\"https:\/\/www.masfuertequeelhierro.com\/blog\/2014\/09\/7-mitos-sobre-las-lesiones-deportivas\/\">7 Mitos sobre las lesiones deportivas<\/a><\/p>\n<p><a href=\"https:\/\/www.masfuertequeelhierro.com\/blog\/2014\/10\/cuanto-y-cuan-duro-debo-entrenar\/\">\u00bfCu\u00e1nto y cuan duro debo entrenar?<\/a><\/p>\n<p><a href=\"https:\/\/www.masfuertequeelhierro.com\/blog\/2014\/08\/flexibilidad-para-el-entrenamiento-con-kettlebells\/\">Flexibilidad para el entrenamiento con kettlebells<\/a><\/p>\n<p><a href=\"https:\/\/www.masfuertequeelhierro.com\/blog\/2014\/08\/el-side-press-a-una-mano-sientete-un-old-strongman\/\">El Side press &#8211; si\u00e9ntete un old strongman<\/a><\/p>\n<p><a href=\"https:\/\/www.masfuertequeelhierro.com\/blog\/2011\/03\/%C2%BFdebes-entrenar-con-agujeta-2\/\">\u00bfDebo entrenar con agujetas?<\/a><\/p>\n<p><a href=\"https:\/\/www.masfuertequeelhierro.com\/blog\/2014\/07\/strongmans-clasicos-arthur-saxon\/\">Strongmans Cl\u00e1sicos: Arthur Saxon<\/a><\/p>\n<p><a href=\"https:\/\/www.masfuertequeelhierro.com\/blog\/2014\/06\/metodos-de-entrenamiento-de-strongmans-clasicos-eugen-sandow\/\">M\u00e9todos de Entrenamiento de Strongmans Cl\u00e1sicos \u2013 Eugen Sandow<\/a><\/p>\n<p><a href=\"https:\/\/www.masfuertequeelhierro.com\/blog\/2014\/07\/metodos-de-entrenamiento-de-strongmans-clasicos-george-hackenschmidt\/\">M\u00e9todos de Entrenamiento de Strongmans Cl\u00e1sicos \u2013 George Hackenschmidt<\/a><\/p>\n<p><a href=\"https:\/\/www.masfuertequeelhierro.com\/blog\/2014\/06\/el-dolor-de-hombro-haciendo-espalda\/\">El dolor de hombro haciendo espalda<\/a><\/p>\n<p><a href=\"https:\/\/www.masfuertequeelhierro.com\/blog\/2014\/06\/calistenia-la-sentadilla-gamba-y-la-zancada-aerea\/\">Calistenia: La sentadilla gamba y la zancada a\u00e9rea<\/a><\/p>\n<p><a href=\"https:\/\/www.masfuertequeelhierro.com\/blog\/2014\/06\/el-puente-de-espalda-un-ejercicio-excelente-de-calistenia\/\">El puente de espalda, un ejercicio excelente de calistenia<\/a><\/p>\n<p><a href=\"https:\/\/www.masfuertequeelhierro.com\/blog\/2014\/06\/alternativa-al-peso-muerto-con-peso-corporal\/\">Alternativa al peso muerto con calistenia<\/a><\/p>\n<p><a href=\"https:\/\/www.masfuertequeelhierro.com\/blog\/2014\/06\/progresion-para-fuerza-de-ciclos-escalonados\/\">Progresi\u00f3n para Fuerza de Ciclos Escalonados<\/a><\/p>\n<p><a href=\"https:\/\/www.masfuertequeelhierro.com\/blog\/2014\/06\/cuando-comienza-a-crecer-el-musculo-los-cambios-de-rutina\/\">\u00bfCu\u00e1ndo comienza a crecer el m\u00fasculo?<\/a><\/p>\n<p><a href=\"https:\/\/www.masfuertequeelhierro.com\/blog\/2014\/06\/lo-que-aprendi-de-dorian-yates\/\">Lo que aprend\u00ed de Dorian Yates<\/a><\/p>\n<p><a href=\"https:\/\/www.masfuertequeelhierro.com\/blog\/2014\/05\/antebrazos-y-agarre-enrollar-toallas\/\">Enrollando toallas para fuerza en las manos y antebrazos<\/a><\/p>\n<p><a href=\"https:\/\/www.masfuertequeelhierro.com\/blog\/2014\/05\/sentadillas-barra-alta-o-baja-olimpica-o-powerlifting\/\">Sentadillas: Barra alta y baja, powerlifting y ol\u00edmpica<\/a><\/p>\n<p><a href=\"https:\/\/www.masfuertequeelhierro.com\/blog\/2014\/05\/como-estirar-guia-basica-de-estiramientos\/\">\u00bfC\u00f3mo estirar? Gu\u00eda b\u00e1sica de estiramientos<\/a><\/p>\n<p><a href=\"https:\/\/www.masfuertequeelhierro.com\/blog\/2014\/04\/que-pasa-si-me-crujen-las-articulaciones\/\">\u00bfQu\u00e9 pasa si me crujen las articulaciones?<\/a><\/p>\n<p><a href=\"https:\/\/www.masfuertequeelhierro.com\/blog\/2014\/03\/los-musculos-de-la-espalda-baja-bill-starr\/\">Los M\u00fasculos de La Espalda Baja (Bill Starr)<\/a><\/p>\n<p><a href=\"https:\/\/www.masfuertequeelhierro.com\/blog\/2014\/01\/demostrar-fuerza-o-construir-fuerza\/\">\u00bfDemostrar fuerza o conseguir fuerza?<\/a><\/p>\n<p><a href=\"https:\/\/masfuertequeelhierro.com\/blog\/?p=8\">Entrenando en casa<\/a><\/p>\n<p><a href=\"Planos Para Construir una Jaula de Sentadillas \/ Rack de Seguridad\">Planos para construir una Jaula\/Rack de Seguridad<\/a><\/p>\n<p><a href=\"https:\/\/www.masfuertequeelhierro.com\/blog\/2014\/01\/la-creatina-y-la-perdida-de-pelo\/\">La Creatina y la p\u00e9rdida de pelo<\/a><\/p>\n<p><a href=\"https:\/\/masfuertequeelhierro.com\/blog\/?p=11\">El seguimiento en culturismo natural crea m\u00fasculo<\/a><\/p>\n<p><a href=\"https:\/\/masfuertequeelhierro.com\/blog\/?p=17\">Superar el estancamiento<\/a><\/p>\n<p><a href=\"https:\/\/masfuertequeelhierro.com\/blog\/?p=18\">Sentadillas (squats) m\u00e1s m\u00fasculo para el cuerpo<\/a><\/p>\n<p><a href=\"https:\/\/masfuertequeelhierro.com\/blog\/?p=22\">Entrevista con Frank Zane: 3 veces Mr. Olympia<\/a><\/p>\n<p><a href=\"https:\/\/masfuertequeelhierro.com\/blog\/?p=23\">\u00bfCu\u00e1ntas series? \u00bfC\u00faantas repeticiones?<\/a><\/p>\n<p><a href=\"https:\/\/masfuertequeelhierro.com\/blog\/?p=24\">Los efectos del alcohol en tu cuerpo<\/a><\/p>\n<p><a href=\"https:\/\/www.masfuertequeelhierro.com\/blog\/2009\/07\/volviendo-a-enamorarte-de-los-pesos\/\">Volviendo a enamorarte de los pesos<\/a><\/p>\n<p><a href=\"https:\/\/masfuertequeelhierro.com\/blog\/?p=26\">Rutina de abdominales y la importancia de la nutrici\u00f3n<\/a><\/p>\n<p><a href=\"https:\/\/masfuertequeelhierro.com\/blog\/?p=29\">Reglas de entrenamiento para ectomorfos<\/a><\/p>\n<p><a href=\"https:\/\/masfuertequeelhierro.com\/blog\/?p=35\">Cuando hacer cardio \/ aer\u00f3bicos<\/a><\/p>\n<p><a href=\"https:\/\/masfuertequeelhierro.com\/blog\/?p=36\">Las tres claves del crecimiento muscular<\/a><\/p>\n<p><a href=\"https:\/\/masfuertequeelhierro.com\/blog\/?p=41\">La velocidad de movimiento en el entrenamiento<\/a><\/p>\n<p><a href=\"https:\/\/masfuertequeelhierro.com\/blog\/?p=44\">Establecer Metas<\/a><\/p>\n<p><a href=\"https:\/\/masfuertequeelhierro.com\/blog\/?p=46\">10 t\u00e9cnicas para progresar<\/a><\/p>\n<p><a href=\"https:\/\/masfuertequeelhierro.com\/blog\/?p=47\">La clave del rendimiento: El sistema nervioso<\/a><\/p>\n<p><a href=\"https:\/\/masfuertequeelhierro.com\/blog\/?p=49\">Entrevista a Lou Ferrigno. El aut\u00e9ntico Hulk<\/a><\/p>\n<p><a href=\"https:\/\/masfuertequeelhierro.com\/blog\/?p=50\">Los 4 estados del dominio mental<\/a><\/p>\n<p><a href=\"https:\/\/masfuertequeelhierro.com\/blog\/?p=51\">Consideraciones sobre la fuerza y la habilidad funcional<\/a><\/p>\n<p><a href=\"https:\/\/masfuertequeelhierro.com\/blog\/?p=53\">El sue\u00f1o, la mejor forma de recuperarse<\/a><\/p>\n<p><a href=\"https:\/\/masfuertequeelhierro.com\/blog\/?p=54\">Altas repeticiones para conseguir m\u00fasculo<\/a><\/p>\n<p><a href=\"https:\/\/masfuertequeelhierro.com\/blog\/?p=58\">Tiempo bajo tensi\u00f3n en el entrenamiento. Principiantes<\/a><\/p>\n<p><a href=\"https:\/\/masfuertequeelhierro.com\/blog\/?p=59l\">\u00bfEntrenar hasta el fallo muscular o no?<\/a><\/p>\n<p><a href=\"https:\/\/masfuertequeelhierro.com\/blog\/?p=61\">El ejercicio Aer\u00f3bico y su Efectividad<\/a><\/p>\n<p><a href=\"https:\/\/masfuertequeelhierro.com\/blog\/?p=63\">Dislocaciones: Para mejorar la salud de tu hombro<\/a><\/p>\n<p><a href=\"https:\/\/masfuertequeelhierro.com\/blog\/?p=65\">Halterofilia: Conceptos b\u00e1sicos<\/a><\/p>\n<p><a href=\"https:\/\/masfuertequeelhierro.com\/blog\/?p=66\">Perder Grasa: Aspectos importantes<\/a><\/p>\n<p><a href=\"https:\/\/masfuertequeelhierro.com\/blog\/?p=67\">Preguntas y respuestas de entrenamiento<\/a><\/p>\n<p><a href=\"https:\/\/masfuertequeelhierro.com\/blog\/?p=68\">Como nos afecta la p\u00e9rdida de sue\u00f1o<\/a><\/p>\n<p><a href=\"https:\/\/masfuertequeelhierro.com\/blog\/?p=69\">Los periodos de descarga. Descanso activo<\/a><\/p>\n<p><a href=\"https:\/\/masfuertequeelhierro.com\/blog\/?p=70\">8 principios para el \u00e9xito en Culturismo<\/a><\/p>\n<p><a href=\"https:\/\/masfuertequeelhierro.com\/blog\/?p=71\">Errores de ectomorfos y endomorfos<\/a><\/p>\n<p><a href=\"https:\/\/masfuertequeelhierro.com\/blog\/?p=74\">Entrenar las debilidades: La clave de la fuerza<\/a><\/p>\n<p><a href=\"https:\/\/masfuertequeelhierro.com\/blog\/?p=78\">La actividad fuera del gimnasio<\/a><\/p>\n<p><a href=\"https:\/\/masfuertequeelhierro.com\/blog\/?p=80\">Entrenamiento con pesas para principiantes<\/a><\/p>\n<p><a href=\"https:\/\/masfuertequeelhierro.com\/blog\/?p=81\">Entrevista a Dorian Yates: 6 Veces Mr. Olympia<\/a><\/p>\n<p><a href=\"https:\/\/masfuertequeelhierro.com\/blog\/?p=82\">Como sobrevivir a las ansias de comer basura<\/a><\/p>\n<p><a href=\"https:\/\/masfuertequeelhierro.com\/blog\/?p=87\">Las repeticiones \u00f3ptimas para crecer<\/a><\/p>\n<p><a href=\"https:\/\/masfuertequeelhierro.com\/blog\/?p=92\">Recuperaci\u00f3n de un m\u00fasculo lesionado<\/a><\/p>\n<p><a href=\"https:\/\/masfuertequeelhierro.com\/blog\/?p=93\">Periodizaci\u00f3n lineal: Progresando hacia el m\u00fasculo<\/a><\/p>\n<p><a href=\"https:\/\/masfuertequeelhierro.com\/blog\/?p=98\">Consejos de fuerza y musculaci\u00f3n por Pavel Tsautsoline<\/a><\/p>\n<p><a href=\"https:\/\/masfuertequeelhierro.com\/blog\/2009\/10\/demostracion-visual-de-hipertrofia-sarcomerica\/\">Demostraci\u00f3n visual de hipertrofia sarcom\u00e9rica<\/a><\/p>\n<p><a href=\"https:\/\/masfuertequeelhierro.com\/blog\/2009\/10\/como-calcular-la-cantidad-de-vegetales\/\">C\u00f3mo calcular la cantidad de vegetales<\/a><\/p>\n<p><a href=\"https:\/\/masfuertequeelhierro.com\/blog\/2009\/11\/los-problemas-de-sentarse\/\">Los problemas de sentarse<\/a><\/p>\n<p><a href=\"https:\/\/masfuertequeelhierro.com\/blog\/2009\/12\/como-reclutar-tus-fibras-rapidas-ejercicios-balisticos\/\">C\u00f3mo reclutar tus fibras r\u00e1pidas: Ejercicios Bal\u00edsticos<\/a><\/p>\n<p><a href=\"https:\/\/www.masfuertequeelhierro.com\/blog\/2010\/02\/%C2%BFsere-siempre-endomorfo-cambios-en-el-tipo-somatico\/\">\u00bfSer\u00e9 siempre endomorfo? cambios en el tipo som\u00e1tico<\/a><\/p>\n<p><a href=\"https:\/\/www.masfuertequeelhierro.com\/blog\/2010\/02\/entrevista-a-andy-bolton-el-rey-del-peso-muerto\/\">Entrevista a Andy Bolton, el rey del peso muerto<\/a><\/p>\n<p><a href=\"https:\/\/www.masfuertequeelhierro.com\/blog\/2010\/02\/la-frecuencia-adecuada-de-entrenamiento\/\">La frecuencia adecuada de entrenamiento<\/a><\/p>\n<p><a href=\"https:\/\/www.masfuertequeelhierro.com\/blog\/2010\/03\/como-tonificar-el-cuerpo\/\">C\u00f3mo tonificar el cuerpo<\/a><\/p>\n<p><a href=\"https:\/\/www.masfuertequeelhierro.com\/blog\/2010\/03\/musculo-con-pesos-ligeros-y-cadencias-lentas\/\">M\u00fasculo con pesos ligeros y cadencias lentas<\/a><\/p>\n<p><a href=\"https:\/\/www.masfuertequeelhierro.com\/blog\/2010\/04\/musculo-mas-fuerte-con-pausas\/\">M\u00fasculo m\u00e1s fuerte con pausas intrarepetici\u00f3n<\/a><\/p>\n<p><a href=\"https:\/\/www.masfuertequeelhierro.com\/blog\/2010\/04\/consejos-de-entrenamiento-por-pauline-nordin\/\">Consejos de entrenamiento por Pauline Nordin<\/a><\/p>\n<p><a href=\"https:\/\/www.masfuertequeelhierro.com\/blog\/2010\/04\/mejorar-la-movilidad-los-12-diarios-de-steve-maxwell\/\">Mejorar la movilidad: Los 12 diarios de Maxwell<\/a><\/p>\n<p><a href=\"https:\/\/www.masfuertequeelhierro.com\/blog\/2010\/04\/estirando-entre-series-para-una-mejor-espalda\/\">Estirando entre series para una mejor espalda<\/a><\/p>\n<p><a href=\"https:\/\/www.masfuertequeelhierro.com\/blog\/2010\/05\/dominadas-mano-sobre-mano\/\">Dominadas mano-sobre-mano<\/a><\/p>\n<p><a href=\"https:\/\/www.masfuertequeelhierro.com\/blog\/2010\/06\/el-ejercicio-podria-frenar-diabetes\/\">El ejercicio podr\u00eda frenar la diabetes<\/a><\/p>\n<p><a href=\"https:\/\/www.masfuertequeelhierro.com\/blog\/2010\/07\/intervalos-para-perder-grasa-el-estudio-trapp\/\">Intervalos para perder grasa<\/a><\/p>\n<p><a href=\"https:\/\/www.masfuertequeelhierro.com\/blog\/2010\/09\/antes-de-pensar-en-suplementos\/\">Antes de pensar en suplementos&#8230;<\/a><\/p>\n<p><a href=\"https:\/\/www.masfuertequeelhierro.com\/blog\/2010\/09\/%C2%BFdebes-beber-alcohol\/\">\u00bfDebes beber alcohol?<\/a><\/p>\n<p><a href=\"https:\/\/www.masfuertequeelhierro.com\/blog\/2010\/09\/5-pruebas-de-forma-que-deberias-cumplir\">5 pruebas de forma que deber\u00edas cumplir<\/a><\/p>\n<p><a href=\"https:\/\/www.masfuertequeelhierro.com\/blog\/2010\/10\/el-muscle-up-secuencial-un-buen-reto\/\">El muscle up secuencial. Un buen reto<\/a><\/p>\n<p><strong>Consejos ejercicios b\u00e1sicos<\/strong><\/p>\n<p><a href=\"https:\/\/www.masfuertequeelhierro.com\/blog\/2010\/10\/peso-muerto-consejos-de-tecnica\/\">Peso Muerto: Consejos de t\u00e9cnica<\/a><\/p>\n<p><a href=\"https:\/\/www.masfuertequeelhierro.com\/blog\/2010\/10\/press-de-banca-consejo-de-tecnica\/\">Press de banca: Consejo de t\u00e9cnica<\/a><\/p>\n<p><a href=\"https:\/\/www.masfuertequeelhierro.com\/blog\/2010\/10\/sentadillas-consejo-de-tecnica\/\">Sentadillas: Consejos de t\u00e9cnica<\/a><br \/>\n&#8212;&#8212;&#8212;&#8212;&#8212;&#8212;&#8212;&#8212;&#8212;&#8212;&#8212;&#8211;<\/p>\n<p><a href=\"https:\/\/www.masfuertequeelhierro.com\/blog\/2010\/11\/mejorando-la-estabilidad-del-pie\/\">Mejorando la estabilidad del pie<\/a><\/p>\n<p><a href=\"https:\/\/www.masfuertequeelhierro.com\/blog\/2010\/11\/fortaleciendo-el-press-la-expansion-dorsal\/\">Fortaleciendo el press: La expansi\u00f3n dorsal<\/a><\/p>\n<p><a href=\"https:\/\/www.masfuertequeelhierro.com\/blog\/2010\/11\/sentirse-mejor-usando-el-rodillo-foam-roller\/\">Sentirse mejor usando el rodillo (foam roller)<\/a><\/p>\n<p><a href=\"https:\/\/www.masfuertequeelhierro.com\/blog\/2010\/11\/5-trucos-para-perder-grasa-abdominal-parte-i\/\">5 trucos para perder grasa abdominal parte I<\/a><\/p>\n<p><a href=\"https:\/\/www.masfuertequeelhierro.com\/blog\/2010\/11\/5-trucos-para-perder-grasa-abdominal-parte-ii\/\">5 trucos para perder grasa abdominal parte II<\/a><\/p>\n<p><a href=\"https:\/\/www.masfuertequeelhierro.com\/blog\/2010\/12\/falta-de-habilidad-para-ejercitarse-el-pgc-1\/\">Falta de habilidad para ejercitarse: El PGC-1<\/a><\/p>\n<p><a href=\"https:\/\/www.masfuertequeelhierro.com\/blog\/2010\/12\/aprendiendo-la-sentadilla-a-1-pierna-pistol\/\">Aprendiendo la sentadilla a 1 pierna (pistol)<\/a><\/p>\n<p><a href=\"https:\/\/www.masfuertequeelhierro.com\/blog\/2010\/12\/seccion-media-mas-dura-con-el-hand-walkout\/\">Secci\u00f3n media m\u00e1s dura con el \u00abHand Walkout\u00bb<\/a><\/p>\n<p><a href=\"https:\/\/www.masfuertequeelhierro.com\/blog\/2010\/12\/%C2%BFque-nos-separa-del-fisico-ideal\/\">\u00bfQu\u00e9 nos separa del f\u00edsico ideal?<\/a><\/p>\n<p><a href=\"https:\/\/www.masfuertequeelhierro.com\/blog\/2011\/01\/aprendiendo-a-hacer-el-pinohandstand\/\">Aprendiendo a hacer el pino \/ Handstand<\/a><\/p>\n<p><a href=\"https:\/\/www.masfuertequeelhierro.com\/blog\/2011\/01\/la-verdad-acerca-de-cuanto-ejercicio-necesitas\/\">La verdad acerca de cu\u00e1nto ejercicio necesitas<\/a><\/p>\n<p><a href=\"https:\/\/www.masfuertequeelhierro.com\/blog\/2011\/02\/salud-y-fuerza-para-los-hombros-parte-i\/\">Salud y fuerza para los hombros, parte I<\/a><\/p>\n<p><a href=\"https:\/\/www.masfuertequeelhierro.com\/blog\/2011\/02\/salud-y-fuerza-para-los-hombros-parte-ii\/\">Salud y fuerza para los hombros, parte II<\/a><\/p>\n<p><a href=\"https:\/\/goo.gl\/vsj9B\">Mec\u00e1nica y Salud del Hombro<\/a><\/p>\n<p><a href=\"https:\/\/www.masfuertequeelhierro.com\/blog\/2011\/04\/el-press-importancia-de-los-trapecio\/\">El press: Importancia de los trapecios<\/a><\/p>\n<p><a href=\"https:\/\/www.masfuertequeelhierro.com\/blog\/2011\/02\/los-ejercicios-que-de-verdad-cuentan-lo-que-dicen-los-expertos\/\">Los ejercicios que de verdad cuentan. Lo que dicen los expertos<\/a><\/p>\n<p><a href=\"https:\/\/www.masfuertequeelhierro.com\/blog\/2011\/03\/elevaciones-de-piernas-colgado-abs-funcionales-i\/\">Elevaciones de piernas colgado \u2013 Abs funcionales (I)<\/a><\/p>\n<p><a href=\"https:\/\/www.masfuertequeelhierro.com\/blog\/2011\/03\/elevaciones-de-piernas-colgado-%E2%80%93-abs-funcionales-ii\/\">Elevaciones de piernas colgado \u2013 Abs funcionales (II)<\/a><\/p>\n<p><a href=\"https:\/\/goo.gl\/7Dygb\">Est\u00e1ndares de habilidad y objetivos f\u00edsicos<\/a><\/p>\n<p><a href=\"https:\/\/goo.gl\/LmCfP\">Un ejercicio para ganar triceps<\/a><\/p>\n<p><a href=\"https:\/\/goo.gl\/iSHyc\">Tail lifts: trabaja el femoral con peso corporal<\/a><\/p>\n<p><a href=\"https:\/\/www.masfuertequeelhierro.com\/blog\/2011\/04\/press-desde-el-suelo-con-rotacion-pega-mas-fuerte-y-gana-musculo\/\">Press desde el suelo con rotaci\u00f3n: pega m\u00e1s fuerte y gana m\u00fasculo<\/a><\/p>\n<p><a href=\"https:\/\/www.masfuertequeelhierro.com\/blog\/2011\/04\/truco-mejora-tus-levantamientos-de-torso\/\">Truco: Mejora tus levantamientos de torso<\/a><\/p>\n<p><a href=\"https:\/\/goo.gl\/qK8sn\">Los transportes de cargas: m\u00fasculo \u00fatil<\/a><\/p>\n<p><a href=\"https:\/\/www.masfuertequeelhierro.com\/blog\/2011\/06\/consejos-fitness-por-mark-sisson\/\">Consejos fitness por Mark Sisson<\/a><\/p>\n<p><a href=\"https:\/\/goo.gl\/cZgv1\">La importancia de la t\u00e9cnica por Andy Bolton<\/a><\/p>\n<p><a href=\"https:\/\/www.masfuertequeelhierro.com\/blog\/2011\/06\/la-importancia-de-la-fuerza-femoral-para-policias-y-todo-el-mundo\/\">La importancia de la fuerza femoral para polic\u00edas (y todo el mundo)<\/a><\/p>\n<p><a href=\"https:\/\/www.masfuertequeelhierro.com\/blog\/2011\/06\/entrenar-en-verano-algunos-consejos\/\">Entrenar en verano, algunos consejos<\/a><\/p>\n<p><a href=\"https:\/\/www.masfuertequeelhierro.com\/blog\/2011\/07\/%C2%BFmas-intensidad-o-mas-frecuencia\/\">\u00bfM\u00e1s intensidad o m\u00e1s frecuencia?<\/a><\/p>\n<p><a href=\"https:\/\/www.masfuertequeelhierro.com\/blog\/2011\/07\/entrenamientos-de-fuerza-y-resistencia-%C2%BFse-pueden-dominar-ambos-elementos-a-la-vez\/\">Entrenamientos de Fuerza y Resistencia \u00bfse pueden dominar ambos elementos a la vez?<\/a><\/p>\n<p><a href=\"https:\/\/www.masfuertequeelhierro.com\/blog\/2011\/08\/ganar-musculo-limpio-manteniendolo-en-perspectiva\/\">Ganar m\u00fasculo limpio: Manteni\u00e9ndolo en perspectiva<\/a><\/p>\n<p><a href=\"https:\/\/www.masfuertequeelhierro.com\/blog\/2011\/10\/el-peso-muerto-por-lyle-mcdonald\/\">El Peso Muerto por Lyle McDonald<\/a><\/p>\n<p><a href=\"https:\/\/www.masfuertequeelhierro.com\/blog\/2011\/10\/el-press-en-suelo-con-mancuerna-fuerza-salud-y-volumen\/\">El Press en suelo con mancuerna: Fuerza, Salud y Volumen<\/a><\/p>\n<p><a href=\"https:\/\/www.masfuertequeelhierro.com\/blog\/2011\/11\/hombros-sanos-consejos-parte-i\/\">Hombros sanos. Consejos (I)<\/a><\/p>\n<p><a href=\"https:\/\/www.masfuertequeelhierro.com\/blog\/2011\/12\/hombros-sanos-consejos-parte-ii\/\">Hombros sanos. Consejos (II)<\/a><\/p>\n<p><a href=\"https:\/\/goo.gl\/y9FZn\">Reto: 300 flexiones en un entrenamiento<\/a><\/p>\n<p><a href=\"https:\/\/goo.gl\/YO0m6\">Los zapatos y las disfunciones<\/a><\/p>\n<p><a href=\"https:\/\/goo.gl\/hkryK\">El sentarse y las disfunciones<\/a><\/p>\n<p><a href=\"https:\/\/www.masfuertequeelhierro.com\/blog\/2012\/01\/calentamiento-ligero-para-potencia-y-explosividad\/\">Calentamiento ligero para potencia y explosividad<\/a><\/p>\n<p><a href=\"https:\/\/goo.gl\/lJmLt\">Explorando las dominadas<\/a><\/p>\n<p><a href=\"https:\/\/www.masfuertequeelhierro.com\/blog\/2012\/03\/musculos-mas-llenos-y-grandes-i\/\">M\u00fasculos m\u00e1s llenos y grandes (I)<\/a><\/p>\n<p><a href=\"https:\/\/www.masfuertequeelhierro.com\/blog\/2012\/03\/musculos-mas-llenos-y-grandes-ii\/\">M\u00fasculos m\u00e1s llenos y grandes (II)<\/a><\/p>\n<p><a href=\"https:\/\/www.masfuertequeelhierro.com\/blog\/2012\/03\/musculos-mas-llenos-y-grandes-iii\/\">M\u00fasculos m\u00e1s llenos y grandes (III)<\/a><\/p>\n<p><a href=\"https:\/\/www.masfuertequeelhierro.com\/blog\/2012\/04\/musculos-mas-llenos-y-grandes-iv\/\">M\u00fasculos m\u00e1s llenos y grandes (IV)<\/a><\/p>\n<p><a href=\"https:\/\/www.masfuertequeelhierro.com\/blog\/2012\/06\/50-consejos-para-perder-grasa-parte-i\/\">50 Consejos para Perder Grasa Parte I<\/a><\/p>\n<p><a href=\"https:\/\/www.masfuertequeelhierro.com\/blog\/2012\/06\/50-consejos-para-perder-grasa-parte-ii\/\">50 Consejos para Perder Grasa Parte II<\/a><\/p>\n<p><a href=\"https:\/\/www.masfuertequeelhierro.com\/blog\/2012\/06\/50-consejos-para-perder-grasa-parte-iii\/\">50 Consejos para Perder Grasa Parte III<\/a><\/p>\n<p><a href=\"https:\/\/goo.gl\/wQeZa\">Enfrenta tus Suposiciones<\/a><\/p>\n<p><a href=\"https:\/\/www.masfuertequeelhierro.com\/blog\/2012\/11\/sergio-oliva-el-mito-recuerdo-y-entrenamiento\/\">Sergio Oliva \u201cEl Mito\u201d. Recuerdo y Entrenamiento<\/a><\/p>\n<p><a href=\"https:\/\/www.masfuertequeelhierro.com\/blog\/2013\/01\/gimnasia-aprendiendo-la-planche\/\">Gimnasia: Aprendiendo la Planche<\/a><\/p>\n<p><a href=\"https:\/\/www.masfuertequeelhierro.com\/blog\/2013\/01\/gimnasia-aprendiendo-el-front-lever\/\">Gimnasia: Aprendiendo el Front Lever<\/a><\/p>\n<p><a href=\"https:\/\/www.masfuertequeelhierro.com\/blog\/2013\/01\/integrando-el-entrenamiento-con-peso-corporal-y-con-barra\/\">Integrando el Entrenamiento con Peso Corporal y con Barra<\/a><\/p>\n<p><a href=\"https:\/\/www.masfuertequeelhierro.com\/blog\/2013\/02\/dominadas-para-mujeres-y-para-todos\/\">Dominadas para Mujeres y para Todos<\/a><\/p>\n<p><a href=\"https:\/\/www.masfuertequeelhierro.com\/blog\/2013\/03\/principios-para-levantadores-veteranos\/\">Principios Para Levantadores Veteranos<\/a><\/p>\n<p><a href=\"https:\/\/www.masfuertequeelhierro.com\/blog\/2013\/03\/excusas-pateticas-en-el-gimnasio\/\">Excusas Pat\u00e9ticas en el Gimnasio<\/a><\/p>\n<p><a href=\"https:\/\/www.masfuertequeelhierro.com\/blog\/2013\/03\/y-los-abdominales-rutina-de-abs-para-cuando-no-hay-abs-en-la-rutina\/\">Rutina de Abdominales<\/a><\/p>\n<p><a href=\"https:\/\/www.masfuertequeelhierro.com\/blog\/2013\/04\/descansa-tus-ojos-para-sentirte-mejor\/\">Descansa tus Ojos Para Sentirte Mejor<\/a><\/p>\n<p><a href=\"https:\/\/www.masfuertequeelhierro.com\/blog\/2013\/06\/tutorial-paso-a-paso-back-lever-en-anillas\/\">Tutorial Paso a Paso Back Lever en Anillas<\/a><\/p>\n<p><a href=\"https:\/\/www.masfuertequeelhierro.com\/blog\/2013\/06\/dolor-en-codos-en-muscle-up-posible-solucion\/\">\u00bfDolor en Codos (en Muscle Up)? Posible Soluci\u00f3n<\/a><\/p>\n<p><a href=\"https:\/\/www.masfuertequeelhierro.com\/blog\/2013\/06\/los-abdominales-y-el-tio-buddy-bill-starr\/\">Los Abdominales y el T\u00edo Buddy<\/a><\/p>\n<p><a href=\"https:\/\/www.masfuertequeelhierro.com\/blog\/2013\/06\/que-dieta-es-mejor\/\">\u00bfQu\u00e9 Dieta es Mejor?<\/a><\/p>\n<p><a href=\"https:\/\/www.masfuertequeelhierro.com\/blog\/2013\/08\/cuidado-de-las-manos-en-el-entrenamiento-con-kettlebells\/\">Cuidado de las Manos en el Entrenamiento con Kettlebells<\/a><\/p>\n<p><a href=\"https:\/\/www.masfuertequeelhierro.com\/blog\/2014\/01\/entrenando-el-front-lever-en-anillas\/\">Entrenando el Front Lever en Anillas<\/a><\/p>\n<p><a href=\"https:\/\/www.masfuertequeelhierro.com\/blog\/2013\/12\/consiguiendo-el-iron-cross\/\">Consiguiendo el Iron Cross<\/a><\/p>\n<h2>Consigue tu primer&#8230;<\/h2>\n<p><a href=\"https:\/\/www.masfuertequeelhierro.com\/blog\/2014\/12\/como-hacer-el-primer-fondo-en-paralelas\/\">Consigue tu primer fondo<\/a><\/p>\n<p><a href=\"https:\/\/www.masfuertequeelhierro.com\/blog\/2014\/12\/conseguir-la-primera-dominada-chicas\/\">Consigue tu primera dominada (chicas)<\/a><\/p>\n","protected":false},"excerpt":{"rendered":"<p>7 Mitos sobre las lesiones deportivas \u00bfCu\u00e1nto y cuan duro debo entrenar? Flexibilidad para el entrenamiento con kettlebells El Side press &#8211; si\u00e9ntete un old strongman \u00bfDebo entrenar con agujetas? Strongmans Cl\u00e1sicos: Arthur Saxon M\u00e9todos de Entrenamiento de Strongmans Cl\u00e1sicos \u2013 Eugen Sandow M\u00e9todos de Entrenamiento de Strongmans Cl\u00e1sicos \u2013 George Hackenschmidt El dolor de [&hellip;]<\/p>\n","protected":false},"author":1,"featured_media":0,"parent":0,"menu_order":1,"comment_status":"open","ping_status":"open","template":"","meta":{"footnotes":""},"class_list":["post-102","page","type-page","status-publish","hentry"],"jetpack_sharing_enabled":true,"_links":{"self":[{"href":"https:\/\/masfuertequeelhierro.com\/blog\/wp-json\/wp\/v2\/pages\/102","targetHints":{"allow":["GET"]}}],"collection":[{"href":"https:\/\/masfuertequeelhierro.com\/blog\/wp-json\/wp\/v2\/pages"}],"about":[{"href":"https:\/\/masfuertequeelhierro.com\/blog\/wp-json\/wp\/v2\/types\/page"}],"author":[{"embeddable":true,"href":"https:\/\/masfuertequeelhierro.com\/blog\/wp-json\/wp\/v2\/users\/1"}],"replies":[{"embeddable":true,"href":"https:\/\/masfuertequeelhierro.com\/blog\/wp-json\/wp\/v2\/comments?post=102"}],"version-history":[{"count":112,"href":"https:\/\/masfuertequeelhierro.com\/blog\/wp-json\/wp\/v2\/pages\/102\/revisions"}],"predecessor-version":[{"id":13250,"href":"https:\/\/masfuertequeelhierro.com\/blog\/wp-json\/wp\/v2\/pages\/102\/revisions\/13250"}],"wp:attachment":[{"href":"https:\/\/masfuertequeelhierro.com\/blog\/wp-json\/wp\/v2\/media?parent=102"}],"curies":[{"name":"wp","href":"https:\/\/api.w.org\/{rel}","templated":true}]}}